{"id":49,"date":"2015-07-11T14:06:50","date_gmt":"2015-07-11T12:06:50","guid":{"rendered":"http:\/\/heidegritgroening.de\/?page_id=49"},"modified":"2023-12-12T08:37:57","modified_gmt":"2023-12-12T07:37:57","slug":"vita","status":"publish","type":"page","link":"http:\/\/heidegritgroening.de\/?page_id=49","title":{"rendered":"Vita"},"content":{"rendered":"<p><a href=\"http:\/\/heidegritgroening.de\/wp-content\/uploads\/2015\/07\/HeidiGroening.jpg\"><img loading=\"lazy\" decoding=\"async\" class=\"wp-image-50 size-thumbnail alignleft\" src=\"http:\/\/heidegritgroening.de\/wp-content\/uploads\/2015\/07\/HeidiGroening-150x150.jpg\" alt=\"\" width=\"150\" height=\"150\" srcset=\"http:\/\/heidegritgroening.de\/wp-content\/uploads\/2015\/07\/HeidiGroening-150x150.jpg 150w, http:\/\/heidegritgroening.de\/wp-content\/uploads\/2015\/07\/HeidiGroening-480x480.jpg 480w, http:\/\/heidegritgroening.de\/wp-content\/uploads\/2015\/07\/HeidiGroening-600x600.jpg 600w, http:\/\/heidegritgroening.de\/wp-content\/uploads\/2015\/07\/HeidiGroening-50x50.jpg 50w\" sizes=\"auto, (max-width: 150px) 100vw, 150px\" \/><\/a><\/p>\n<p class=\"p1\">Ich bin in Celle geboren, lebe und arbeite als freischaffende K\u00fcnstlerin in Hamburg und St. Peter-Ording.<br \/>\nMeine Aktivit\u00e4ten sind in Deutschland, D\u00e4nemark, Italien, Spanien, Kanada.<br \/>\nMitgliedschaft: \u201eKunstKlima\u201c des FKE- Eiderstedt, Kunstverein Schenefeld, KunstPunkt Augustenborg (DK)<\/p>\n<p class=\"p2\">Auszeichnungen: \u201eThe Genius of Art\u201c und \u201eBotticelli-Preis\u201c; \u201eGuglielmo II\u201c \/ Monreale; \u201eDante Alighieri\u201c und \u201eCritics\u2018 Award 2015\u201c \/ Venedig; Preis \u201eInternationale Roma Imperiale\u201c \/ Rom<\/p>\n<p class=\"p2\">Der International Art Katalog \u201eWe Contemporary\u201c von MUSA INTERNATIONAL ART SPACE ASSOCIATION enth\u00e4lt eines meiner Werke. Teilnahme \u201eCOMMFFEST International Art Exhibition 2015 \/ Toronto. Internat. Biennalen in Hamburg, Palermo, Barcelona;<br \/>\nMit maritimer Kunst bin ich auf Bootsausstellungen vertreten: Boot \/ D\u00fcsseldorf; hanseboot \/ Hamburg<\/p>\n","protected":false},"excerpt":{"rendered":"<p>Ich bin in Celle geboren, lebe und arbeite als freischaffende K\u00fcnstlerin in Hamburg und St. Peter-Ording. Meine Aktivit\u00e4ten sind in Deutschland, D\u00e4nemark, Italien, Spanien, Kanada. Mitgliedschaft: \u201eKunstKlima\u201c des FKE- Eiderstedt, Kunstverein Schenefeld, KunstPunkt Augustenborg (DK) Auszeichnungen: \u201eThe Genius of Art\u201c und \u201eBotticelli-Preis\u201c; \u201eGuglielmo II\u201c \/ Monreale; \u201eDante Alighieri\u201c und \u201eCritics\u2018 Award 2015\u201c \/ Venedig; Preis \u201eInternationale Roma Imperiale\u201c \/ Rom Der International Art Katalog \u201eWe Contemporary\u201c von MUSA INTERNATIONAL ART SPACE ASSOCIATION enth\u00e4lt eines meiner Werke. Teilnahme \u201eCOMMFFEST International Art<a class=\"entry-more\" href=\"http:\/\/heidegritgroening.de\/?page_id=49\">Read more<\/a><\/p>\n","protected":false},"author":1,"featured_media":0,"parent":0,"menu_order":2,"comment_status":"closed","ping_status":"closed","template":"","meta":{"footnotes":""},"class_list":["post-49","page","type-page","status-publish","hentry"],"_links":{"self":[{"href":"http:\/\/heidegritgroening.de\/index.php?rest_route=\/wp\/v2\/pages\/49","targetHints":{"allow":["GET"]}}],"collection":[{"href":"http:\/\/heidegritgroening.de\/index.php?rest_route=\/wp\/v2\/pages"}],"about":[{"href":"http:\/\/heidegritgroening.de\/index.php?rest_route=\/wp\/v2\/types\/page"}],"author":[{"embeddable":true,"href":"http:\/\/heidegritgroening.de\/index.php?rest_route=\/wp\/v2\/users\/1"}],"replies":[{"embeddable":true,"href":"http:\/\/heidegritgroening.de\/index.php?rest_route=%2Fwp%2Fv2%2Fcomments&post=49"}],"version-history":[{"count":5,"href":"http:\/\/heidegritgroening.de\/index.php?rest_route=\/wp\/v2\/pages\/49\/revisions"}],"predecessor-version":[{"id":755,"href":"http:\/\/heidegritgroening.de\/index.php?rest_route=\/wp\/v2\/pages\/49\/revisions\/755"}],"wp:attachment":[{"href":"http:\/\/heidegritgroening.de\/index.php?rest_route=%2Fwp%2Fv2%2Fmedia&parent=49"}],"curies":[{"name":"wp","href":"https:\/\/api.w.org\/{rel}","templated":true}]}}